{"id":3,"date":"2021-07-08T15:53:55","date_gmt":"2021-07-08T15:53:55","guid":{"rendered":"http:\/\/fundacionfraternidadcorpuschristi.org\/?page_id=3"},"modified":"2021-08-21T20:44:15","modified_gmt":"2021-08-21T20:44:15","slug":"politica-privacidad","status":"publish","type":"page","link":"https:\/\/fundacionfraternidadcorpuschristi.org\/index.php\/politica-privacidad\/","title":{"rendered":"Pol\u00edtica de privacidad"},"content":{"rendered":"\n<p>El presente documento responde a la necesidad de dar cumplimiento a las disposiciones previstas en la Ley 1581 de 2012, la Ley de Protecci\u00f3n de Datos Personales la cual&nbsp;reconoce y protege el derecho que tienen todas las personas a conocer, actualizar y rectificar los datos que se hayan recogido sobre ellas en bases de datos o archivos que sean susceptibles de tratamiento por entidades de naturaleza p\u00fablica o privada.<\/p>\n\n\n\n<p>En este sentido, la Fundaci\u00f3n Fraternidad Corpus Christi en cumplimiento de la normatividad, adopta el presente documento, como una herramienta fundamental para la protecci\u00f3n de los datos personales y la atenci\u00f3n de consultas y reclamos que se generen a ra\u00edz de la gesti\u00f3n y administraci\u00f3n de esta informaci\u00f3n.<\/p>\n\n\n\n<h3 class=\"wp-block-heading\"><strong>Informaci\u00f3n que se recopila<\/strong><\/h3>\n\n\n\n<p>Nuestro sitio web podr\u00e1 recopilar informaci\u00f3n personal como nombre o datos de contacto como su direcci\u00f3n de correo electr\u00f3nico y n\u00famero telef\u00f3nico. La presente Pol\u00edtica de Privacidad establece los t\u00e9rminos en que  la Fundaci\u00f3n Fraternidad Corpus Christi   usa y protege la informaci\u00f3n que es proporcionada por sus usuarios al momento de utilizar su sitio web. Nuestra compa\u00f1\u00eda est\u00e1 comprometida con la seguridad de los datos de sus usuarios. Cuando le pedimos llenar los campos de informaci\u00f3n personal con la cual usted pueda ser identificado, lo hacemos asegurando que s\u00f3lo se emplear\u00e1 de acuerdo con los t\u00e9rminos de este documento.<\/p>\n\n\n\n<h3 class=\"wp-block-heading\">Uso de la informaci\u00f3n recopilada<\/h3>\n\n\n\n<p>Nuestro sitio web emplea la informaci\u00f3n con el fin de proporcionar la mejor atenci\u00f3n posible&nbsp; a nuestros visitantes, particularmente para conocer sus solicitudes frente a donaciones y c\u00f3mo  puede hacerlo. Es posible que sean enviados correos electr\u00f3nicos a trav\u00e9s de nuestros correos corporativos para darle a conocer nuestros proyectos, eventos y otra informaci\u00f3n que consideremos relevante para usted o que pueda brindarle alg\u00fan beneficio. Estos correos electr\u00f3nicos ser\u00e1n enviados a la direcci\u00f3n que usted proporcione y podr\u00e1 solicitar que sean cancelados comunic\u00e1ndose a nuestro email: info@ <a href=\"https:\/\/fundacionfraternidadcorpuschristi.org\/\">fundacionfraternidadcorpuschristi.org<\/a><\/p>\n\n\n\n<p>La Fundaci\u00f3n Fraternidad Corpus Christi  est\u00e1 altamente comprometido para mantener su informaci\u00f3n protegida, por lo que contamos con un sitio seguro para que sus datos no sean tratados por terceros.<\/p>\n\n\n\n<h3 class=\"wp-block-heading\">Control de su informaci\u00f3n personal<\/h3>\n\n\n\n<p>Cada vez que se le solicite diligenciar un formulario de contacto debe saber que los datos suministrados a  la Fundaci\u00f3n Fraternidad Corpus Christi   no se vender\u00e1n, ceder\u00e1n, ni distribuir\u00e1n.<\/p>\n\n\n\n<h3 class=\"wp-block-heading\">\u00bfD\u00f3nde enviamos tus datos?<\/h3>\n\n\n\n<p>Los datos que suministre en nuestros formularios de contacto ser\u00e1n administrados directamente por  la Fundaci\u00f3n Fraternidad Corpus Christi   para los fines anteriormente mencionados.<\/p>\n\n\n\n<h3 class=\"wp-block-heading\"><strong>Cookies<\/strong><\/h3>\n\n\n\n<p>Una cookie se refiere a un fichero que es enviado con la finalidad de solicitar permiso para almacenarse en su ordenador. Al aceptar dicho fichero se crea y la cookie sirve entonces para tener informaci\u00f3n respecto al tr\u00e1fico web, y tambi\u00e9n facilita las futuras visitas a una web recurrente. Otra funci\u00f3n que tienen las cookies es que con ellas las web pueden reconocerte individualmente y por tanto brindarte el mejor servicio personalizado de su web.<\/p>\n\n\n\n<p>Nuestro sitio web emplea las cookies para poder identificar las p\u00e1ginas que son visitadas y su frecuencia. Esta informaci\u00f3n es empleada \u00fanicamente para an\u00e1lisis estad\u00edstico y despu\u00e9s la informaci\u00f3n se elimina de forma permanente. Usted puede eliminar las cookies en cualquier momento desde su ordenador. Sin embargo las cookies ayudan a proporcionar un mejor servicio de los sitios web, est\u00e1s no dan acceso a informaci\u00f3n de su ordenador ni de usted, a menos de que usted as\u00ed lo quiera y la proporcione directamente. Usted puede aceptar o negar el uso de cookies, sin embargo la mayor\u00eda de navegadores aceptan cookies autom\u00e1ticamente pues sirve para tener un mejor servicio web. Tambi\u00e9n usted puede cambiar la configuraci\u00f3n de su ordenador para declinar las cookies. Si se declinan es posible que no pueda utilizar algunos de nuestros servicios.<\/p>\n\n\n\n<h3 class=\"wp-block-heading\"><strong>Enlace a terceros<\/strong><\/h3>\n\n\n\n<p>Este sitio web puede contener enlaces a otros sitios que pueden ser de su inter\u00e9s. Una vez que usted de clic en estos enlaces y abandone nuestra p\u00e1gina, ya no tenemos control sobre al sitio al que es redirigido y por lo tanto no somos responsables de los t\u00e9rminos o privacidad, ni de la protecci\u00f3n de sus datos en esos otros sitios terceros. Dichos sitios est\u00e1n sujetos a sus propias pol\u00edticas de privacidad por lo cual es recomendable que los consulte para confirmar que usted est\u00e1 de acuerdo.<\/p>\n\n\n\n<figure class=\"wp-block-image size-large is-resized\"><img fetchpriority=\"high\" decoding=\"async\" src=\"https:\/\/fundacionfraternidadcorpuschristi.org\/wp-content\/uploads\/2021\/07\/cropped-fundacion-fraternidad-corpus-christi-1024x969.png\" alt=\"\" class=\"wp-image-1311\" width=\"353\" height=\"334\" srcset=\"https:\/\/fundacionfraternidadcorpuschristi.org\/wp-content\/uploads\/2021\/07\/cropped-fundacion-fraternidad-corpus-christi-1024x969.png 1024w, https:\/\/fundacionfraternidadcorpuschristi.org\/wp-content\/uploads\/2021\/07\/cropped-fundacion-fraternidad-corpus-christi-300x284.png 300w, https:\/\/fundacionfraternidadcorpuschristi.org\/wp-content\/uploads\/2021\/07\/cropped-fundacion-fraternidad-corpus-christi-768x727.png 768w, https:\/\/fundacionfraternidadcorpuschristi.org\/wp-content\/uploads\/2021\/07\/cropped-fundacion-fraternidad-corpus-christi-1536x1454.png 1536w, https:\/\/fundacionfraternidadcorpuschristi.org\/wp-content\/uploads\/2021\/07\/cropped-fundacion-fraternidad-corpus-christi-90x85.png 90w, https:\/\/fundacionfraternidadcorpuschristi.org\/wp-content\/uploads\/2021\/07\/cropped-fundacion-fraternidad-corpus-christi.png 1886w\" sizes=\"(max-width: 353px) 100vw, 353px\" \/><\/figure>\n\n\n\n<p>Nos reservamos el derecho de cambiar los t\u00e9rminos de la presente Pol\u00edtica de Privacidad en cualquier momento.<\/p>\n\n\n\n<p>La direcci\u00f3n de nuestra web es: https:\/\/<a href=\"https:\/\/fundacionfraternidadcorpuschristi.org\/\">fundacionfraternidadcorpuschristi.org<\/a><\/p>\n","protected":false},"excerpt":{"rendered":"<p>El presente documento responde a la necesidad de dar cumplimiento a las disposiciones previstas en la Ley 1581 de 2012, la Ley de Protecci\u00f3n de Datos Personales la cual&nbsp;reconoce y protege el derecho que tienen todas las personas a conocer, actualizar y rectificar los datos que se hayan recogido sobre ellas en bases de datos [&hellip;]<\/p>\n","protected":false},"author":1,"featured_media":0,"parent":0,"menu_order":0,"comment_status":"closed","ping_status":"open","template":"","meta":{"om_disable_all_campaigns":false,"_uag_custom_page_level_css":"","_monsterinsights_skip_tracking":false,"_monsterinsights_sitenote_active":false,"_monsterinsights_sitenote_note":"","_monsterinsights_sitenote_category":0,"site-sidebar-layout":"no-sidebar","site-content-layout":"default","ast-site-content-layout":"default","site-content-style":"default","site-sidebar-style":"default","ast-global-header-display":"","ast-banner-title-visibility":"","ast-main-header-display":"","ast-hfb-above-header-display":"","ast-hfb-below-header-display":"","ast-hfb-mobile-header-display":"","site-post-title":"","ast-breadcrumbs-content":"","ast-featured-img":"","footer-sml-layout":"","ast-disable-related-posts":"","theme-transparent-header-meta":"default","adv-header-id-meta":"","stick-header-meta":"","header-above-stick-meta":"","header-main-stick-meta":"","header-below-stick-meta":"","astra-migrate-meta-layouts":"default","ast-page-background-enabled":"default","ast-page-background-meta":{"desktop":{"background-color":"","background-image":"","background-repeat":"repeat","background-position":"center center","background-size":"auto","background-attachment":"scroll","background-type":"","background-media":"","overlay-type":"","overlay-color":"","overlay-opacity":"","overlay-gradient":""},"tablet":{"background-color":"","background-image":"","background-repeat":"repeat","background-position":"center center","background-size":"auto","background-attachment":"scroll","background-type":"","background-media":"","overlay-type":"","overlay-color":"","overlay-opacity":"","overlay-gradient":""},"mobile":{"background-color":"","background-image":"","background-repeat":"repeat","background-position":"center center","background-size":"auto","background-attachment":"scroll","background-type":"","background-media":"","overlay-type":"","overlay-color":"","overlay-opacity":"","overlay-gradient":""}},"ast-content-background-meta":{"desktop":{"background-color":"var(--ast-global-color-5)","background-image":"","background-repeat":"repeat","background-position":"center center","background-size":"auto","background-attachment":"scroll","background-type":"","background-media":"","overlay-type":"","overlay-color":"","overlay-opacity":"","overlay-gradient":""},"tablet":{"background-color":"var(--ast-global-color-5)","background-image":"","background-repeat":"repeat","background-position":"center center","background-size":"auto","background-attachment":"scroll","background-type":"","background-media":"","overlay-type":"","overlay-color":"","overlay-opacity":"","overlay-gradient":""},"mobile":{"background-color":"var(--ast-global-color-5)","background-image":"","background-repeat":"repeat","background-position":"center center","background-size":"auto","background-attachment":"scroll","background-type":"","background-media":"","overlay-type":"","overlay-color":"","overlay-opacity":"","overlay-gradient":""}},"footnotes":""},"aioseo_notices":[],"uagb_featured_image_src":{"full":false,"thumbnail":false,"medium":false,"medium_large":false,"large":false,"1536x1536":false,"2048x2048":false},"uagb_author_info":{"display_name":"f.fraternindad","author_link":"https:\/\/fundacionfraternidadcorpuschristi.org\/index.php\/author\/comunicacionesonline-hosting\/"},"uagb_comment_info":0,"uagb_excerpt":"El presente documento responde a la necesidad de dar cumplimiento a las disposiciones previstas en la Ley 1581 de 2012, la Ley de Protecci\u00f3n de Datos Personales la cual&nbsp;reconoce y protege el derecho que tienen todas las personas a conocer, actualizar y rectificar los datos que se hayan recogido sobre ellas en bases de datos&hellip;","_links":{"self":[{"href":"https:\/\/fundacionfraternidadcorpuschristi.org\/index.php\/wp-json\/wp\/v2\/pages\/3"}],"collection":[{"href":"https:\/\/fundacionfraternidadcorpuschristi.org\/index.php\/wp-json\/wp\/v2\/pages"}],"about":[{"href":"https:\/\/fundacionfraternidadcorpuschristi.org\/index.php\/wp-json\/wp\/v2\/types\/page"}],"author":[{"embeddable":true,"href":"https:\/\/fundacionfraternidadcorpuschristi.org\/index.php\/wp-json\/wp\/v2\/users\/1"}],"replies":[{"embeddable":true,"href":"https:\/\/fundacionfraternidadcorpuschristi.org\/index.php\/wp-json\/wp\/v2\/comments?post=3"}],"version-history":[{"count":2,"href":"https:\/\/fundacionfraternidadcorpuschristi.org\/index.php\/wp-json\/wp\/v2\/pages\/3\/revisions"}],"predecessor-version":[{"id":1708,"href":"https:\/\/fundacionfraternidadcorpuschristi.org\/index.php\/wp-json\/wp\/v2\/pages\/3\/revisions\/1708"}],"wp:attachment":[{"href":"https:\/\/fundacionfraternidadcorpuschristi.org\/index.php\/wp-json\/wp\/v2\/media?parent=3"}],"curies":[{"name":"wp","href":"https:\/\/api.w.org\/{rel}","templated":true}]}}